{"id":1312,"date":"2021-05-18T19:41:07","date_gmt":"2021-05-18T19:41:07","guid":{"rendered":"https:\/\/signufarma.com.mx\/testwp\/?page_id=1312"},"modified":"2021-06-22T17:53:04","modified_gmt":"2021-06-22T17:53:04","slug":"nuestras-practicas","status":"publish","type":"page","link":"https:\/\/signufarma.com.mx\/index.php\/nuestras-practicas\/","title":{"rendered":"Nuestras Pr\u00e1cticas"},"content":{"rendered":"\t\t<div data-elementor-type=\"wp-page\" data-elementor-id=\"1312\" class=\"elementor elementor-1312\">\n\t\t\t\t\t\t\t\t\t<section class=\"elementor-section elementor-top-section elementor-element elementor-element-28a4850 elementor-section-height-min-height elementor-section-boxed elementor-section-height-default elementor-section-items-middle\" data-id=\"28a4850\" data-element_type=\"section\" data-settings=\"{&quot;background_background&quot;:&quot;classic&quot;}\">\n\t\t\t\t\t\t\t<div class=\"elementor-background-overlay\"><\/div>\n\t\t\t\t\t\t\t<div class=\"elementor-container elementor-column-gap-default\">\n\t\t\t\t\t<div class=\"elementor-column elementor-col-100 elementor-top-column elementor-element elementor-element-fd1507c\" data-id=\"fd1507c\" data-element_type=\"column\">\n\t\t\t<div class=\"elementor-widget-wrap elementor-element-populated\">\n\t\t\t\t\t\t\t\t<div class=\"elementor-element elementor-element-d9a7c48 elementor-widget-divider--view-line_text elementor-widget-divider--element-align-center elementor-widget elementor-widget-divider\" data-id=\"d9a7c48\" data-element_type=\"widget\" data-widget_type=\"divider.default\">\n\t\t\t\t<div class=\"elementor-widget-container\">\n\t\t\t\t\t<div class=\"elementor-divider\">\n\t\t\t<span class=\"elementor-divider-separator\">\n\t\t\t\t\t\t\t<span class=\"elementor-divider__text elementor-divider__element\">\n\t\t\t\tNUESTRAS PR\u00c1CTICAS\t\t\t\t<\/span>\n\t\t\t\t\t\t<\/span>\n\t\t<\/div>\n\t\t\t\t<\/div>\n\t\t\t\t<\/div>\n\t\t\t\t\t<\/div>\n\t\t<\/div>\n\t\t\t\t\t\t\t<\/div>\n\t\t<\/section>\n\t\t\t\t<section class=\"elementor-section elementor-top-section elementor-element elementor-element-13ac6c5 elementor-section-content-middle elementor-section-boxed elementor-section-height-default elementor-section-height-default\" data-id=\"13ac6c5\" data-element_type=\"section\" id=\"etica\">\n\t\t\t\t\t\t<div class=\"elementor-container elementor-column-gap-extended\">\n\t\t\t\t\t<div class=\"elementor-column elementor-col-50 elementor-top-column elementor-element elementor-element-6535ab6 elementor-invisible\" data-id=\"6535ab6\" data-element_type=\"column\" data-settings=\"{&quot;background_background&quot;:&quot;classic&quot;,&quot;animation&quot;:&quot;fadeInLeft&quot;}\">\n\t\t\t<div class=\"elementor-widget-wrap elementor-element-populated\">\n\t\t\t\t\t\t\t\t<div class=\"elementor-element elementor-element-2ac9894 elementor-widget elementor-widget-spacer\" data-id=\"2ac9894\" data-element_type=\"widget\" data-widget_type=\"spacer.default\">\n\t\t\t\t<div class=\"elementor-widget-container\">\n\t\t\t\t\t<div class=\"elementor-spacer\">\n\t\t\t<div class=\"elementor-spacer-inner\"><\/div>\n\t\t<\/div>\n\t\t\t\t<\/div>\n\t\t\t\t<\/div>\n\t\t\t\t\t<\/div>\n\t\t<\/div>\n\t\t\t\t<div class=\"elementor-column elementor-col-50 elementor-top-column elementor-element elementor-element-63daea2 elementor-invisible\" data-id=\"63daea2\" data-element_type=\"column\" data-settings=\"{&quot;animation&quot;:&quot;fadeInUp&quot;}\">\n\t\t\t<div class=\"elementor-widget-wrap elementor-element-populated\">\n\t\t\t\t\t\t\t\t<div class=\"elementor-element elementor-element-4910d46a gradient-text elementor-widget elementor-widget-heading\" data-id=\"4910d46a\" data-element_type=\"widget\" data-widget_type=\"heading.default\">\n\t\t\t\t<div class=\"elementor-widget-container\">\n\t\t\t<h2 class=\"elementor-heading-title elementor-size-default\">\u00c9tica Empresarial<\/h2>\t\t<\/div>\n\t\t\t\t<\/div>\n\t\t\t\t<div class=\"elementor-element elementor-element-28b57ef elementor-widget elementor-widget-text-editor\" data-id=\"28b57ef\" data-element_type=\"widget\" data-widget_type=\"text-editor.default\">\n\t\t\t\t<div class=\"elementor-widget-container\">\n\t\t\t\t\t\t\t<ul><li>C\u00f3digos de \u00e9tica<\/li><li>Cumplimiento de regulaci\u00f3n internacional<\/li><li>Servidores dedicados y confidencialidad en la informaci\u00f3n<\/li><li>Cumplimiento de compliance<\/li><\/ul>\t\t\t\t\t\t<\/div>\n\t\t\t\t<\/div>\n\t\t\t\t\t<\/div>\n\t\t<\/div>\n\t\t\t\t\t\t\t<\/div>\n\t\t<\/section>\n\t\t\t\t<section class=\"elementor-section elementor-top-section elementor-element elementor-element-8bf789e elementor-section-content-middle elementor-reverse-mobile elementor-section-boxed elementor-section-height-default elementor-section-height-default\" data-id=\"8bf789e\" data-element_type=\"section\" id=\"farmacovigilancia\">\n\t\t\t\t\t\t<div class=\"elementor-container elementor-column-gap-extended\">\n\t\t\t\t\t<div class=\"elementor-column elementor-col-50 elementor-top-column elementor-element elementor-element-f5ac05d elementor-invisible\" data-id=\"f5ac05d\" data-element_type=\"column\" data-settings=\"{&quot;animation&quot;:&quot;fadeInUp&quot;}\">\n\t\t\t<div class=\"elementor-widget-wrap elementor-element-populated\">\n\t\t\t\t\t\t\t\t<div class=\"elementor-element elementor-element-12128ba gradient-text elementor-widget elementor-widget-heading\" data-id=\"12128ba\" data-element_type=\"widget\" data-widget_type=\"heading.default\">\n\t\t\t\t<div class=\"elementor-widget-container\">\n\t\t\t<h2 class=\"elementor-heading-title elementor-size-default\">Farmacovigilancia<\/h2>\t\t<\/div>\n\t\t\t\t<\/div>\n\t\t\t\t<div class=\"elementor-element elementor-element-c8a3465 elementor-widget elementor-widget-text-editor\" data-id=\"c8a3465\" data-element_type=\"widget\" data-widget_type=\"text-editor.default\">\n\t\t\t\t<div class=\"elementor-widget-container\">\n\t\t\t\t\t\t\t<ul><li>Personal especializado en farmacovigilancia<\/li><li>Capacitaci\u00f3n continua del personal<\/li><li>Adaptaci\u00f3n de protocolos a necesidades del laboratorio<\/li><li>Mantenimiento de r\u00e9cords estad\u00edsticos<\/li><li>Conciliaci\u00f3n y reporte de resultados<\/li><\/ul>\t\t\t\t\t\t<\/div>\n\t\t\t\t<\/div>\n\t\t\t\t\t<\/div>\n\t\t<\/div>\n\t\t\t\t<div class=\"elementor-column elementor-col-50 elementor-top-column elementor-element elementor-element-5bd45e8 elementor-invisible\" data-id=\"5bd45e8\" data-element_type=\"column\" data-settings=\"{&quot;background_background&quot;:&quot;classic&quot;,&quot;animation&quot;:&quot;fadeInRight&quot;}\">\n\t\t\t<div class=\"elementor-widget-wrap elementor-element-populated\">\n\t\t\t\t\t\t\t\t<div class=\"elementor-element elementor-element-f185793 elementor-widget elementor-widget-spacer\" data-id=\"f185793\" data-element_type=\"widget\" data-widget_type=\"spacer.default\">\n\t\t\t\t<div class=\"elementor-widget-container\">\n\t\t\t\t\t<div class=\"elementor-spacer\">\n\t\t\t<div class=\"elementor-spacer-inner\"><\/div>\n\t\t<\/div>\n\t\t\t\t<\/div>\n\t\t\t\t<\/div>\n\t\t\t\t\t<\/div>\n\t\t<\/div>\n\t\t\t\t\t\t\t<\/div>\n\t\t<\/section>\n\t\t\t\t<section class=\"elementor-section elementor-top-section elementor-element elementor-element-70a5a5a elementor-section-content-middle elementor-section-boxed elementor-section-height-default elementor-section-height-default\" data-id=\"70a5a5a\" data-element_type=\"section\" id=\"estandares\">\n\t\t\t\t\t\t<div class=\"elementor-container elementor-column-gap-extended\">\n\t\t\t\t\t<div class=\"elementor-column elementor-col-50 elementor-top-column elementor-element elementor-element-c54328c elementor-invisible\" data-id=\"c54328c\" data-element_type=\"column\" data-settings=\"{&quot;background_background&quot;:&quot;classic&quot;,&quot;animation&quot;:&quot;fadeInLeft&quot;}\">\n\t\t\t<div class=\"elementor-widget-wrap elementor-element-populated\">\n\t\t\t\t\t\t\t\t<div class=\"elementor-element elementor-element-45a189a elementor-widget elementor-widget-spacer\" data-id=\"45a189a\" data-element_type=\"widget\" data-widget_type=\"spacer.default\">\n\t\t\t\t<div class=\"elementor-widget-container\">\n\t\t\t\t\t<div class=\"elementor-spacer\">\n\t\t\t<div class=\"elementor-spacer-inner\"><\/div>\n\t\t<\/div>\n\t\t\t\t<\/div>\n\t\t\t\t<\/div>\n\t\t\t\t\t<\/div>\n\t\t<\/div>\n\t\t\t\t<div class=\"elementor-column elementor-col-50 elementor-top-column elementor-element elementor-element-2065212 elementor-invisible\" data-id=\"2065212\" data-element_type=\"column\" data-settings=\"{&quot;animation&quot;:&quot;fadeInUp&quot;}\">\n\t\t\t<div class=\"elementor-widget-wrap elementor-element-populated\">\n\t\t\t\t\t\t\t\t<div class=\"elementor-element elementor-element-3d7b9e9 gradient-text elementor-widget elementor-widget-heading\" data-id=\"3d7b9e9\" data-element_type=\"widget\" data-widget_type=\"heading.default\">\n\t\t\t\t<div class=\"elementor-widget-container\">\n\t\t\t<h2 class=\"elementor-heading-title elementor-size-default\">Est\u00e1ndares de calidad\n<\/h2>\t\t<\/div>\n\t\t\t\t<\/div>\n\t\t\t\t<div class=\"elementor-element elementor-element-58788c8 elementor-widget elementor-widget-text-editor\" data-id=\"58788c8\" data-element_type=\"widget\" data-widget_type=\"text-editor.default\">\n\t\t\t\t<div class=\"elementor-widget-container\">\n\t\t\t\t\t\t\t<ul><li>Pol\u00edticas de anticorrupci\u00f3n y soborno<\/li><li>\u200bC\u00f3digos de \u00e9tica<\/li><li>Cumplimiento de la norma NOM-059-SSA1-2015 Buenas pr\u00e1cticas de fabricaci\u00f3n de medicamentos<\/li><\/ul>\t\t\t\t\t\t<\/div>\n\t\t\t\t<\/div>\n\t\t\t\t\t<\/div>\n\t\t<\/div>\n\t\t\t\t\t\t\t<\/div>\n\t\t<\/section>\n\t\t\t\t<section class=\"elementor-section elementor-top-section elementor-element elementor-element-4d31f12 elementor-section-content-middle elementor-reverse-mobile elementor-section-boxed elementor-section-height-default elementor-section-height-default\" data-id=\"4d31f12\" data-element_type=\"section\" id=\"tecnovigilancia\">\n\t\t\t\t\t\t<div class=\"elementor-container elementor-column-gap-extended\">\n\t\t\t\t\t<div class=\"elementor-column elementor-col-50 elementor-top-column elementor-element elementor-element-c9b7503 elementor-invisible\" data-id=\"c9b7503\" data-element_type=\"column\" data-settings=\"{&quot;animation&quot;:&quot;fadeInUp&quot;}\">\n\t\t\t<div class=\"elementor-widget-wrap elementor-element-populated\">\n\t\t\t\t\t\t\t\t<div class=\"elementor-element elementor-element-5e9f79b gradient-text elementor-widget elementor-widget-heading\" data-id=\"5e9f79b\" data-element_type=\"widget\" data-widget_type=\"heading.default\">\n\t\t\t\t<div class=\"elementor-widget-container\">\n\t\t\t<h2 class=\"elementor-heading-title elementor-size-default\">Tecnovigilancia<\/h2>\t\t<\/div>\n\t\t\t\t<\/div>\n\t\t\t\t<div class=\"elementor-element elementor-element-bec4805 elementor-widget elementor-widget-text-editor\" data-id=\"bec4805\" data-element_type=\"widget\" data-widget_type=\"text-editor.default\">\n\t\t\t\t<div class=\"elementor-widget-container\">\n\t\t\t\t\t\t\t<ul><li>Protecci\u00f3n de la salud y la seguridad de los pacientes.<\/li><li>Recopilaci\u00f3n de informaci\u00f3n<\/li><li>Garantizar el funcionamiento conforme a la intenci\u00f3n de uso del fabricante.<\/li><li>Notificaci\u00f3n acerca de los eventos adversos\u00a0<\/li><\/ul>\t\t\t\t\t\t<\/div>\n\t\t\t\t<\/div>\n\t\t\t\t\t<\/div>\n\t\t<\/div>\n\t\t\t\t<div class=\"elementor-column elementor-col-50 elementor-top-column elementor-element elementor-element-e3bf580 elementor-invisible\" data-id=\"e3bf580\" data-element_type=\"column\" data-settings=\"{&quot;background_background&quot;:&quot;classic&quot;,&quot;animation&quot;:&quot;fadeInRight&quot;}\">\n\t\t\t<div class=\"elementor-widget-wrap elementor-element-populated\">\n\t\t\t\t\t\t\t\t<div class=\"elementor-element elementor-element-48df5a2 elementor-widget elementor-widget-spacer\" data-id=\"48df5a2\" data-element_type=\"widget\" data-widget_type=\"spacer.default\">\n\t\t\t\t<div class=\"elementor-widget-container\">\n\t\t\t\t\t<div class=\"elementor-spacer\">\n\t\t\t<div class=\"elementor-spacer-inner\"><\/div>\n\t\t<\/div>\n\t\t\t\t<\/div>\n\t\t\t\t<\/div>\n\t\t\t\t\t<\/div>\n\t\t<\/div>\n\t\t\t\t\t\t\t<\/div>\n\t\t<\/section>\n\t\t\t\t\t\t\t<\/div>\n\t\t","protected":false},"excerpt":{"rendered":"<p>NUESTRAS PR\u00c1CTICAS \u00c9tica Empresarial C\u00f3digos de \u00e9tica Cumplimiento de regulaci\u00f3n internacional Servidores dedicados y confidencialidad en la informaci\u00f3n Cumplimiento de compliance Farmacovigilancia Personal especializado en farmacovigilancia Capacitaci\u00f3n continua del personal Adaptaci\u00f3n de protocolos a necesidades del laboratorio Mantenimiento de r\u00e9cords estad\u00edsticos Conciliaci\u00f3n y reporte de resultados Est\u00e1ndares de calidad Pol\u00edticas de anticorrupci\u00f3n y soborno \u200bC\u00f3digos [&hellip;]<\/p>\n","protected":false},"author":2,"featured_media":0,"parent":0,"menu_order":0,"comment_status":"closed","ping_status":"closed","template":"","meta":{"footnotes":""},"class_list":["post-1312","page","type-page","status-publish","hentry"],"yoast_head":"<!-- This site is optimized with the Yoast SEO plugin v21.5 - https:\/\/yoast.com\/wordpress\/plugins\/seo\/ -->\n<title>Nuestras Pr\u00e1cticas<\/title>\n<meta name=\"robots\" content=\"index, follow, max-snippet:-1, max-image-preview:large, max-video-preview:-1\" \/>\n<link rel=\"canonical\" href=\"https:\/\/signufarma.com.mx\/index.php\/nuestras-practicas\/\" \/>\n<meta property=\"og:locale\" content=\"es_MX\" \/>\n<meta property=\"og:type\" content=\"article\" \/>\n<meta property=\"og:title\" content=\"Nuestras Pr\u00e1cticas\" \/>\n<meta property=\"og:description\" content=\"NUESTRAS PR\u00c1CTICAS \u00c9tica Empresarial C\u00f3digos de \u00e9tica Cumplimiento de regulaci\u00f3n internacional Servidores dedicados y confidencialidad en la informaci\u00f3n Cumplimiento de compliance Farmacovigilancia Personal especializado en farmacovigilancia Capacitaci\u00f3n continua del personal Adaptaci\u00f3n de protocolos a necesidades del laboratorio Mantenimiento de r\u00e9cords estad\u00edsticos Conciliaci\u00f3n y reporte de resultados Est\u00e1ndares de calidad Pol\u00edticas de anticorrupci\u00f3n y soborno \u200bC\u00f3digos [&hellip;]\" \/>\n<meta property=\"og:url\" content=\"https:\/\/signufarma.com.mx\/index.php\/nuestras-practicas\/\" \/>\n<meta property=\"article:publisher\" content=\"https:\/\/www.facebook.com\/Signufarma-SA-de-CV-101998768655509\" \/>\n<meta property=\"article:modified_time\" content=\"2021-06-22T17:53:04+00:00\" \/>\n<meta name=\"twitter:card\" content=\"summary_large_image\" \/>\n<meta name=\"twitter:label1\" content=\"Tiempo de lectura\" \/>\n\t<meta name=\"twitter:data1\" content=\"1 minuto\" \/>\n<script type=\"application\/ld+json\" class=\"yoast-schema-graph\">{\"@context\":\"https:\/\/schema.org\",\"@graph\":[{\"@type\":\"WebPage\",\"@id\":\"https:\/\/signufarma.com.mx\/index.php\/nuestras-practicas\/\",\"url\":\"https:\/\/signufarma.com.mx\/index.php\/nuestras-practicas\/\",\"name\":\"Nuestras Pr\u00e1cticas\",\"isPartOf\":{\"@id\":\"https:\/\/signufarma.com.mx\/#website\"},\"datePublished\":\"2021-05-18T19:41:07+00:00\",\"dateModified\":\"2021-06-22T17:53:04+00:00\",\"breadcrumb\":{\"@id\":\"https:\/\/signufarma.com.mx\/index.php\/nuestras-practicas\/#breadcrumb\"},\"inLanguage\":\"es\",\"potentialAction\":[{\"@type\":\"ReadAction\",\"target\":[\"https:\/\/signufarma.com.mx\/index.php\/nuestras-practicas\/\"]}]},{\"@type\":\"BreadcrumbList\",\"@id\":\"https:\/\/signufarma.com.mx\/index.php\/nuestras-practicas\/#breadcrumb\",\"itemListElement\":[{\"@type\":\"ListItem\",\"position\":1,\"name\":\"Inicio\",\"item\":\"https:\/\/signufarma.mineolo.com\/\"},{\"@type\":\"ListItem\",\"position\":2,\"name\":\"Nuestras Pr\u00e1cticas\"}]},{\"@type\":\"WebSite\",\"@id\":\"https:\/\/signufarma.com.mx\/#website\",\"url\":\"https:\/\/signufarma.com.mx\/\",\"name\":\"Signufarma\",\"description\":\"\",\"publisher\":{\"@id\":\"https:\/\/signufarma.com.mx\/#organization\"},\"potentialAction\":[{\"@type\":\"SearchAction\",\"target\":{\"@type\":\"EntryPoint\",\"urlTemplate\":\"https:\/\/signufarma.com.mx\/?s={search_term_string}\"},\"query-input\":\"required name=search_term_string\"}],\"inLanguage\":\"es\"},{\"@type\":\"Organization\",\"@id\":\"https:\/\/signufarma.com.mx\/#organization\",\"name\":\"Signufarma\",\"url\":\"https:\/\/signufarma.com.mx\/\",\"logo\":{\"@type\":\"ImageObject\",\"inLanguage\":\"es\",\"@id\":\"https:\/\/signufarma.com.mx\/#\/schema\/logo\/image\/\",\"url\":\"https:\/\/signufarma.com.mx\/wp-content\/uploads\/2021\/06\/logo-degradado.png\",\"contentUrl\":\"https:\/\/signufarma.com.mx\/wp-content\/uploads\/2021\/06\/logo-degradado.png\",\"width\":288,\"height\":60,\"caption\":\"Signufarma\"},\"image\":{\"@id\":\"https:\/\/signufarma.com.mx\/#\/schema\/logo\/image\/\"},\"sameAs\":[\"https:\/\/www.facebook.com\/Signufarma-SA-de-CV-101998768655509\",\"https:\/\/www.instagram.com\/signufarma\/\",\"https:\/\/www.linkedin.com\/uas\/login?session_redirect=https:\/\/www.linkedin.com\/company\/signufarma-sa-de-cv\/about\/?viewAsMember=true\"]}]}<\/script>\n<!-- \/ Yoast SEO plugin. -->","yoast_head_json":{"title":"Nuestras Pr\u00e1cticas","robots":{"index":"index","follow":"follow","max-snippet":"max-snippet:-1","max-image-preview":"max-image-preview:large","max-video-preview":"max-video-preview:-1"},"canonical":"https:\/\/signufarma.com.mx\/index.php\/nuestras-practicas\/","og_locale":"es_MX","og_type":"article","og_title":"Nuestras Pr\u00e1cticas","og_description":"NUESTRAS PR\u00c1CTICAS \u00c9tica Empresarial C\u00f3digos de \u00e9tica Cumplimiento de regulaci\u00f3n internacional Servidores dedicados y confidencialidad en la informaci\u00f3n Cumplimiento de compliance Farmacovigilancia Personal especializado en farmacovigilancia Capacitaci\u00f3n continua del personal Adaptaci\u00f3n de protocolos a necesidades del laboratorio Mantenimiento de r\u00e9cords estad\u00edsticos Conciliaci\u00f3n y reporte de resultados Est\u00e1ndares de calidad Pol\u00edticas de anticorrupci\u00f3n y soborno \u200bC\u00f3digos [&hellip;]","og_url":"https:\/\/signufarma.com.mx\/index.php\/nuestras-practicas\/","article_publisher":"https:\/\/www.facebook.com\/Signufarma-SA-de-CV-101998768655509","article_modified_time":"2021-06-22T17:53:04+00:00","twitter_card":"summary_large_image","twitter_misc":{"Tiempo de lectura":"1 minuto"},"schema":{"@context":"https:\/\/schema.org","@graph":[{"@type":"WebPage","@id":"https:\/\/signufarma.com.mx\/index.php\/nuestras-practicas\/","url":"https:\/\/signufarma.com.mx\/index.php\/nuestras-practicas\/","name":"Nuestras Pr\u00e1cticas","isPartOf":{"@id":"https:\/\/signufarma.com.mx\/#website"},"datePublished":"2021-05-18T19:41:07+00:00","dateModified":"2021-06-22T17:53:04+00:00","breadcrumb":{"@id":"https:\/\/signufarma.com.mx\/index.php\/nuestras-practicas\/#breadcrumb"},"inLanguage":"es","potentialAction":[{"@type":"ReadAction","target":["https:\/\/signufarma.com.mx\/index.php\/nuestras-practicas\/"]}]},{"@type":"BreadcrumbList","@id":"https:\/\/signufarma.com.mx\/index.php\/nuestras-practicas\/#breadcrumb","itemListElement":[{"@type":"ListItem","position":1,"name":"Inicio","item":"https:\/\/signufarma.mineolo.com\/"},{"@type":"ListItem","position":2,"name":"Nuestras Pr\u00e1cticas"}]},{"@type":"WebSite","@id":"https:\/\/signufarma.com.mx\/#website","url":"https:\/\/signufarma.com.mx\/","name":"Signufarma","description":"","publisher":{"@id":"https:\/\/signufarma.com.mx\/#organization"},"potentialAction":[{"@type":"SearchAction","target":{"@type":"EntryPoint","urlTemplate":"https:\/\/signufarma.com.mx\/?s={search_term_string}"},"query-input":"required name=search_term_string"}],"inLanguage":"es"},{"@type":"Organization","@id":"https:\/\/signufarma.com.mx\/#organization","name":"Signufarma","url":"https:\/\/signufarma.com.mx\/","logo":{"@type":"ImageObject","inLanguage":"es","@id":"https:\/\/signufarma.com.mx\/#\/schema\/logo\/image\/","url":"https:\/\/signufarma.com.mx\/wp-content\/uploads\/2021\/06\/logo-degradado.png","contentUrl":"https:\/\/signufarma.com.mx\/wp-content\/uploads\/2021\/06\/logo-degradado.png","width":288,"height":60,"caption":"Signufarma"},"image":{"@id":"https:\/\/signufarma.com.mx\/#\/schema\/logo\/image\/"},"sameAs":["https:\/\/www.facebook.com\/Signufarma-SA-de-CV-101998768655509","https:\/\/www.instagram.com\/signufarma\/","https:\/\/www.linkedin.com\/uas\/login?session_redirect=https:\/\/www.linkedin.com\/company\/signufarma-sa-de-cv\/about\/?viewAsMember=true"]}]}},"_links":{"self":[{"href":"https:\/\/signufarma.com.mx\/index.php\/wp-json\/wp\/v2\/pages\/1312","targetHints":{"allow":["GET"]}}],"collection":[{"href":"https:\/\/signufarma.com.mx\/index.php\/wp-json\/wp\/v2\/pages"}],"about":[{"href":"https:\/\/signufarma.com.mx\/index.php\/wp-json\/wp\/v2\/types\/page"}],"author":[{"embeddable":true,"href":"https:\/\/signufarma.com.mx\/index.php\/wp-json\/wp\/v2\/users\/2"}],"replies":[{"embeddable":true,"href":"https:\/\/signufarma.com.mx\/index.php\/wp-json\/wp\/v2\/comments?post=1312"}],"version-history":[{"count":43,"href":"https:\/\/signufarma.com.mx\/index.php\/wp-json\/wp\/v2\/pages\/1312\/revisions"}],"predecessor-version":[{"id":1933,"href":"https:\/\/signufarma.com.mx\/index.php\/wp-json\/wp\/v2\/pages\/1312\/revisions\/1933"}],"wp:attachment":[{"href":"https:\/\/signufarma.com.mx\/index.php\/wp-json\/wp\/v2\/media?parent=1312"}],"curies":[{"name":"wp","href":"https:\/\/api.w.org\/{rel}","templated":true}]}}