{"id":1540,"date":"2021-05-28T00:57:41","date_gmt":"2021-05-28T00:57:41","guid":{"rendered":"https:\/\/signufarma.com.mx\/testwp\/?page_id=1540"},"modified":"2021-05-28T00:57:41","modified_gmt":"2021-05-28T00:57:41","slug":"disclaimer","status":"publish","type":"page","link":"https:\/\/signufarma.com.mx\/index.php\/en\/disclaimer\/","title":{"rendered":"Disclaimer"},"content":{"rendered":"\t\t<div data-elementor-type=\"wp-page\" data-elementor-id=\"1540\" class=\"elementor elementor-1540\">\n\t\t\t\t\t\t\t\t\t<section class=\"elementor-section elementor-top-section elementor-element elementor-element-614b709 elementor-section-boxed elementor-section-height-default elementor-section-height-default\" data-id=\"614b709\" data-element_type=\"section\">\n\t\t\t\t\t\t<div class=\"elementor-container elementor-column-gap-default\">\n\t\t\t\t\t<div class=\"elementor-column elementor-col-100 elementor-top-column elementor-element elementor-element-95745b6\" data-id=\"95745b6\" data-element_type=\"column\">\n\t\t\t<div class=\"elementor-widget-wrap elementor-element-populated\">\n\t\t\t\t\t\t\t\t<div class=\"elementor-element elementor-element-1403b5c elementor-widget elementor-widget-text-editor\" data-id=\"1403b5c\" data-element_type=\"widget\" data-widget_type=\"text-editor.default\">\n\t\t\t\t<div class=\"elementor-widget-container\">\n\t\t\t\t\t\t\t<h2><strong>Aviso de\u00a0Privacidad<\/strong><\/h2><p>En cumplimiento a la Ley Federal de Protecci\u00f3n de Datos Personales en Posesi\u00f3n de los Particulares (la \u201cLey\u201d) vigente en M\u00e9xico, le informamos los t\u00e9rminos y condiciones del Aviso de Privacidad de Datos Personales (&#8220;Aviso de Privacidad&#8221;) de SIGNUFARMA, S.A. de C.V., con domicilio en: AVENIDA CONSTITUYENTES No. 357, COLONIA DANIEL GARZA, C\u00f3digo Postal 11830 \u00a0CIUDAD DE M\u00c9XICO, \u00a0as\u00ed como de sus empresas subsidiarias \u00a0y\/o \u00a0sus Unidades de Negocio en M\u00e9xico. \u00a0En el tratamiento que damos \u00a0a \u00a0sus datos observamos en todo momento los principios de licitud, consentimiento, informaci\u00f3n, calidad, finalidad, lealtad, proporcionalidad y responsabilidad, previstos en la Legislaci\u00f3n aplicable.<\/p><h3>\u00a0<\/h3><h3><strong>\u00bfPara qu\u00e9 fines recabamos y utilizamos sus datos personales?<\/strong><\/h3><p>\u00a0<\/p><p>Sus datos personales ser\u00e1n utilizados, para alguna o algunas de las siguientes finalidades:<\/p><ul><li>Dar seguimiento a la adherencia de sus tratamientos m\u00e9dicos.<\/li><li>Venta y suministro de productos: medicamentos, equipo m\u00e9dico o de protecci\u00f3n personal, insumos, material de curaci\u00f3n o cualquier otro que tenga relaci\u00f3n con la salud o con el cuidado o con la prevenci\u00f3n sanitaria.<\/li><li>Realizar llamadas de recompra de: medicamentos, productos o servicios relacionados con la salud o informar sobre promociones.<\/li><li>Env\u00edo de: medicamentos, productos o servicios.<\/li><li>Evaluar la calidad de productos o servicios.<\/li><li>Referir informaci\u00f3n a terceros para que le provean de bienes y servicios relacionados con su salud, padecimiento o su tratamiento.<\/li><li>Generar reportes estad\u00edsticos, de ventas y de calidad de vida.<\/li><li>Efectuar encuestas de calidad de vida y de satisfacci\u00f3n.<\/li><li>E-mail con promociones y cambios de productos, servicios y\/o precios.<\/li><li>Dar cumplimiento a obligaciones contra\u00eddas con nuestros clientes y con nuestros usuarios.<\/li><li>Dar cumplimiento de farmacovigilancia.<\/li><li>Dar cumplimiento a la legislaci\u00f3n aplicable, as\u00ed como a requerimientos de autoridades y\/o auditores federales y locales.<\/li><\/ul><p><strong>\u00a0<\/strong><\/p><p>Nota.- Hacemos de su conocimiento que alguna informaci\u00f3n podr\u00e1 ser\u00e1 grabada para efectos de calidad en el servicio.<\/p><p><strong>\u00a0<\/strong><\/p><h3><strong>\u00bfQu\u00e9 datos personales obtenemos y de d\u00f3nde?<\/strong><\/h3><p><strong>\u00a0<\/strong><\/p><p>Para las finalidades se\u00f1aladas en el presente Aviso de Privacidad recabamos informaci\u00f3n de manera directa cuando Usted mismo nos la proporciona o a trav\u00e9s de cualquier medio impreso, digital, electr\u00f3nico, \u00f3ptico, sonoro, visual o a trav\u00e9s de cualquier tecnolog\u00eda. Los datos que obtenemos pueden ser, entre otros:<\/p><ul><li>Datos de identificaci\u00f3n del usuario: Nombre, domicilio, tel\u00e9fono, direcci\u00f3n de correo electr\u00f3nico, fecha de nacimiento, estado civil, signos vitales y ocupaci\u00f3n.<\/li><li>Datos relativos al pago: Datos de facturaci\u00f3n y forma de pago.<\/li><li>Datos relativos al m\u00e9dico del usuario: Nombre, direcci\u00f3n (f\u00edsica y\/o de correo electr\u00f3nico) y especialidad.<\/li><li>Datos del contacto: Nombre de la persona que proporciona los datos, tel\u00e9fono, direcci\u00f3n de correo electr\u00f3nico y parentesco con el usuario.<\/li><li>Datos del cuidador o la persona que aplica el medicamento: Nombre, domicilio, tel\u00e9fono y direcci\u00f3n de correo electr\u00f3nico.<\/li><li>Informaci\u00f3n de nuestros afiliados y\/o asociados de negocios, en los t\u00e9rminos de Ley.<\/li><\/ul><h3>\u00a0<\/h3><h3><strong>Datos personales sensibles<\/strong><\/h3><p><strong>\u00a0<\/strong><\/p><p>Le informamos que para cumplir con algunas de las finalidades previstas en este Aviso de Privacidad, en algunos casos, ser\u00e1n recabados y tratados datos personales sensibles relacionados con su estado de salud presente, pasado y futuro; espec\u00edficamente, aqu\u00e9llos que se refieren de manera enunciativa pero no limitativa a: Datos sobre su salud, padecimiento y tratamiento m\u00e9dico. Nos comprometemos a que los mismos ser\u00e1n tratados bajo las m\u00e1s estrictas medidas de seguridad que garanticen su confidencialidad.<\/p><p>De conformidad con lo que establece el art\u00edculo 9 de \u201cla Ley\u201d, \u00fanicamente en aquellos casos en que nos proporcione la informaci\u00f3n sensible descrita en este apartado, requerimos de su consentimiento expreso para el tratamiento de sus datos personales sensibles, por lo que le solicitamos indique si acepta o no el tratamiento de sus datos personales sensibles:<\/p><p>Consiento\u00a0que mis datos personales sensibles sean tratados conforme a los t\u00e9rminos y condiciones del presente Aviso de Privacidad.<\/p><p>__________________________________________________________________<\/p><p>Nombre y firma* o huella dactilar del titular de los datos (usuario)<\/p><p>*Nota: Su firma electr\u00f3nica tendr\u00e1 la misma validez y efecto jur\u00eddico de una firma aut\u00f3grafa, tal como lo establece el C\u00f3digo de Comercio aplicable para toda la Rep\u00fablica Mexicana.<\/p><p><strong>\u00a0<\/strong><\/p><h3><strong>Transferencia de datos<\/strong><\/h3><p><strong>\u00a0<\/strong><\/p><p>Le informamos que los datos personales que nos proporcione pueden ser transferidos y tratados dentro y fuera del pa\u00eds, por personas distintas a esta empresa. En ese sentido, su informaci\u00f3n puede ser compartida por\u00a0SIGNUFARMA, S.A. de C.V.\u00a0con sus empresas subsidiarias, sus unidades de negocio, sus afiliadas y\/o con sus asociados de negocios; con el objeto de que le ofrezcan y proporcionen bienes y servicios relacionados con su salud, protecci\u00f3n, padecimiento y tratamiento; le env\u00eden informaci\u00f3n sobre ofertas y promociones de bienes y servicios o le informen de avances cient\u00edficos, tecnol\u00f3gicos y comerciales que sean de su inter\u00e9s. En ning\u00fan caso la transferencia de datos ser\u00e1 con un fin comercial. En ning\u00fan caso comercializaremos, venderemos o rentaremos datos personales sobre Usted a un tercero sin un consentimiento previo de su parte. Los datos personales que Usted proporcione podr\u00e1n compilarse y fijarse en una base de datos propiedad exclusiva de la empresa. Si usted no manifiesta su oposici\u00f3n para que sus datos personales sean transferidos, se entender\u00e1 que ha otorgado su consentimiento para ello.<\/p><p>En virtud de que en algunos casos transferiremos datos personales sensibles, requerimos de su consentimiento expreso, de conformidad con lo que establece el art\u00edculo 9 de \u201cla Ley\u201d, por lo que solicitamos indique si acepta esta transferencia:<\/p><p>Consiento\u00a0que mis datos personales sensibles sean transferidos conforme a los t\u00e9rminos y condiciones del presente Aviso de Privacidad.<\/p><p>_______________________________<\/p><p>Nombre y firma* del titular<\/p><p>*Nota: Su firma electr\u00f3nica tendr\u00e1 la misma validez y efecto jur\u00eddico de una firma aut\u00f3grafa, tal como lo establece el C\u00f3digo de Comercio aplicable para toda la Rep\u00fablica Mexicana.<\/p><p><strong>\u00a0<\/strong><\/p><h3><strong>\u00bfC\u00f3mo acceder o rectificar sus datos<\/strong> <strong>personales o cancelar u oponerse a su uso?<\/strong><\/h3><p><strong>\u00a0<\/strong><\/p><p>Usted tiene derecho de <em><u>acceder<\/u><\/em> a sus datos personales que poseemos y a los detalles del tratamiento de los mismos, as\u00ed como a <em><u>rectificarlos<\/u><\/em> en caso de ser inexactos o incompletos; <em><u>cancelarlos<\/u><\/em> cuando considere que no se requieren para alguna de las finalidades se\u00f1alados en el presente aviso de privacidad, est\u00e9n siendo utilizados para finalidades no consentidas o haya finalizado la relaci\u00f3n contractual o de servicio que tiene con nosotros, o bien, <em><u>oponerse<\/u><\/em> al tratamiento de los mismos para fines espec\u00edficos.<\/p><p>Los mecanismos que se han implementado para el ejercicio de dichos derechos (ARCO) son a trav\u00e9s de la presentaci\u00f3n de una solicitud en nuestro domicilio: AVENIDA CONSTITUYENTES No. 357, COLONIA DANIEL GARZA, C\u00f3digo Postal 11830 CIUDAD DE M\u00c9XICO, o en la direcci\u00f3n de correo electr\u00f3nico\u00a0<a href=\"http:\/\/www.signufarma.com.mx\/aviso-de-privacidad\/contactoit@signufarma.com.mx\">contactoit@signufarma.com.mx<\/a>, atenci\u00f3n DEPARTAMENTO DE PRIVACIDAD, mediante escrito en formato libre en el que manifieste lo siguiente: Nombre, direcci\u00f3n, tel\u00e9fono y direcci\u00f3n de correo electr\u00f3nico; descripci\u00f3n detallada de los datos a los que pretenda tener <em><u>acceso<\/u><\/em>; o descripci\u00f3n detallada de los datos que pretenda <em><u>rectificar<\/u><\/em> por ser inexactos o incompletos, as\u00ed como los datos que considere correctos y aportar la documentaci\u00f3n que sustente su petici\u00f3n; o descripci\u00f3n de los datos que pretenda <em><u>cancelar<\/u><\/em> o bien que se <em><u>oponga<\/u><\/em> a su uso para fines espec\u00edficos, incluyendo su transferencia a terceros, en cuyo caso deber\u00e1 especificar los fines a los que se opone y las razones que tenga para ello. Su solicitud ser\u00e1 atendida en un plazo m\u00e1ximo de veinte d\u00edas, contados desde la fecha en que se recibi\u00f3 la solicitud de <em><u>acceso, rectificaci\u00f3n, cancelaci\u00f3n u oposici\u00f3n<\/u><\/em>; si su solicitud resulta procedente, la determinaci\u00f3n adoptada se har\u00e1 efectiva dentro de los quince d\u00edas siguientes a la fecha en que se comunica la respuesta. Trat\u00e1ndose de solicitudes de <em><u>acceso<\/u><\/em> a datos personales, proceder\u00e1 la entrega previa acreditaci\u00f3n de la identidad del solicitante o representante legal, seg\u00fan corresponda. En todo caso la respuesta se le proporcionar\u00e1 a trav\u00e9s del correo electr\u00f3nico que nos proporcione. Para mayor informaci\u00f3n, favor de comunicarse al departamento de privacidad en la direcci\u00f3n de correo electr\u00f3nico\u00a0<a href=\"mailto:contactoit@signufarma.com.mx\">contactoit@signufarma.com.mx<\/a>, atenci\u00f3n DEPARTAMENTO DE PRIVACIDAD o visitar nuestra p\u00e1gina de Internet\u00a0<a href=\"http:\/\/www.signufarma.com.mx\/\">http:\/\/www.signufarma.com.mx<\/a>, secci\u00f3n Aviso de Privacidad.<\/p><h3><strong>\u00bfC\u00f3mo puede revocar su consentimiento para el tratamiento de sus datos?<\/strong><\/h3><p><strong>\u00a0<\/strong><\/p><p>En todo momento, usted podr\u00e1 revocar el consentimiento que nos ha otorgado para el tratamiento de sus datos personales, a fin de que dejemos de hacer uso de los mismos. Para ello, es necesario que presente una petici\u00f3n en nuestro domicilio: AVENIDA CONSTITUYENTES No. 357, COLONIA DANIEL GARZA, C\u00f3digo Postal 11830 CIUDAD DE M\u00c9XICO, o en la direcci\u00f3n de correo electr\u00f3nico\u00a0<a href=\"mailto:contactoit@signufarma.com.mx\">contactoit@signufarma.com.mx<\/a>, atenci\u00f3n DEPARTAMENTO DE PRIVACIDAD, mediante un escrito libre. Su petici\u00f3n deber\u00e1 ir acompa\u00f1ada de la siguiente informaci\u00f3n: Nombre, direcci\u00f3n, tel\u00e9fono y direcci\u00f3n de correo electr\u00f3nico; en un plazo m\u00e1ximo de quince d\u00edas atenderemos su petici\u00f3n y le informaremos sobre la procedencia de la misma a trav\u00e9s de la direcci\u00f3n de correo electr\u00f3nico que nos proporcione.<\/p><h3><strong>\u00bfC\u00f3mo puede limitar el uso o divulgaci\u00f3n de sus datos personales?<\/strong><\/h3><p><strong>\u00a0<\/strong><\/p><p>Usted puede dejar de recibir mensajes promocionales, informaci\u00f3n o encuestas a trav\u00e9s de tel\u00e9fono fijo o celular, correo postal, o correos electr\u00f3nicos, presentando una solicitud en nuestro domicilio, AVENIDA CONSTITUYENTES No. 357, COLONIA DANIEL GARZA, C\u00f3digo Postal 11830 CIUDAD DE M\u00c9XICO, o en la direcci\u00f3n de correo electr\u00f3nico\u00a0<a href=\"mailto:contactoit@signufarma.com.mx\">contactoit@signufarma.com.mx<\/a>, atenci\u00f3n DEPARTAMENTO DE PRIVACIDAD, mediante escrito en formato libre en el que manifieste lo siguiente: Nombre, direcci\u00f3n, tel\u00e9fono y direcci\u00f3n de correo electr\u00f3nico, y su solicitud expresa de dejar de recibir promocionales o informaci\u00f3n o encuestas, y el medio o los medios a trav\u00e9s de los cuales quiera dejar de recibirlos.<\/p><p>\u00a0<\/p><h3><strong>Modificaciones al Aviso de Privacidad<\/strong><\/h3><p><strong>\u00a0<\/strong><\/p><p>Nos reservamos el derecho de efectuar en cualquier momento modificaciones o actualizaciones al presente Aviso de Privacidad, para la atenci\u00f3n de novedades legislativas, pol\u00edticas internas o nuevos requerimientos para la prestaci\u00f3n u ofrecimiento de nuestros servicios o productos.<\/p><p>Estas modificaciones estar\u00e1n disponibles al p\u00fablico a trav\u00e9s de nuestra p\u00e1gina de internet\u00a0<a href=\"http:\/\/www.signufarma.com.mx\/\">http:\/\/www.signufarma.com.mx<\/a>, secci\u00f3n Aviso de Privacidad, o se las haremos llegar al \u00faltimo correo electr\u00f3nico que nos haya proporcionado.<\/p><p>Actualizado en Mayo 2021<\/p>\t\t\t\t\t\t<\/div>\n\t\t\t\t<\/div>\n\t\t\t\t\t<\/div>\n\t\t<\/div>\n\t\t\t\t\t\t\t<\/div>\n\t\t<\/section>\n\t\t\t\t\t\t\t<\/div>\n\t\t","protected":false},"excerpt":{"rendered":"<p>Aviso de\u00a0Privacidad En cumplimiento a la Ley Federal de Protecci\u00f3n de Datos Personales en Posesi\u00f3n de los Particulares (la \u201cLey\u201d) vigente en M\u00e9xico, le informamos los t\u00e9rminos y condiciones del Aviso de Privacidad de Datos Personales (&#8220;Aviso de Privacidad&#8221;) de SIGNUFARMA, S.A. de C.V., con domicilio en: AVENIDA CONSTITUYENTES No. 357, COLONIA DANIEL GARZA, C\u00f3digo [&hellip;]<\/p>\n","protected":false},"author":2,"featured_media":0,"parent":0,"menu_order":0,"comment_status":"closed","ping_status":"closed","template":"","meta":{"footnotes":""},"class_list":["post-1540","page","type-page","status-publish","hentry"],"yoast_head":"<!-- This site is optimized with the Yoast SEO plugin v21.5 - https:\/\/yoast.com\/wordpress\/plugins\/seo\/ -->\n<title>Disclaimer<\/title>\n<meta name=\"robots\" content=\"index, follow, max-snippet:-1, max-image-preview:large, max-video-preview:-1\" \/>\n<link rel=\"canonical\" href=\"https:\/\/signufarma.com.mx\/index.php\/en\/disclaimer\/\" \/>\n<meta property=\"og:locale\" content=\"es_MX\" \/>\n<meta property=\"og:type\" content=\"article\" \/>\n<meta property=\"og:title\" content=\"Disclaimer\" \/>\n<meta property=\"og:description\" content=\"Aviso de\u00a0Privacidad En cumplimiento a la Ley Federal de Protecci\u00f3n de Datos Personales en Posesi\u00f3n de los Particulares (la \u201cLey\u201d) vigente en M\u00e9xico, le informamos los t\u00e9rminos y condiciones del Aviso de Privacidad de Datos Personales (&#8220;Aviso de Privacidad&#8221;) de SIGNUFARMA, S.A. de C.V., con domicilio en: AVENIDA CONSTITUYENTES No. 357, COLONIA DANIEL GARZA, C\u00f3digo [&hellip;]\" \/>\n<meta property=\"og:url\" content=\"https:\/\/signufarma.com.mx\/index.php\/en\/disclaimer\/\" \/>\n<meta property=\"article:publisher\" content=\"https:\/\/www.facebook.com\/Signufarma-SA-de-CV-101998768655509\" \/>\n<meta name=\"twitter:card\" content=\"summary_large_image\" \/>\n<meta name=\"twitter:label1\" content=\"Tiempo de lectura\" \/>\n\t<meta name=\"twitter:data1\" content=\"9 minutos\" \/>\n<script type=\"application\/ld+json\" class=\"yoast-schema-graph\">{\"@context\":\"https:\/\/schema.org\",\"@graph\":[{\"@type\":\"WebPage\",\"@id\":\"https:\/\/signufarma.com.mx\/index.php\/en\/disclaimer\/\",\"url\":\"https:\/\/signufarma.com.mx\/index.php\/en\/disclaimer\/\",\"name\":\"Disclaimer\",\"isPartOf\":{\"@id\":\"https:\/\/signufarma.com.mx\/#website\"},\"datePublished\":\"2021-05-28T00:57:41+00:00\",\"dateModified\":\"2021-05-28T00:57:41+00:00\",\"breadcrumb\":{\"@id\":\"https:\/\/signufarma.com.mx\/index.php\/en\/disclaimer\/#breadcrumb\"},\"inLanguage\":\"es\",\"potentialAction\":[{\"@type\":\"ReadAction\",\"target\":[\"https:\/\/signufarma.com.mx\/index.php\/en\/disclaimer\/\"]}]},{\"@type\":\"BreadcrumbList\",\"@id\":\"https:\/\/signufarma.com.mx\/index.php\/en\/disclaimer\/#breadcrumb\",\"itemListElement\":[{\"@type\":\"ListItem\",\"position\":1,\"name\":\"Inicio\",\"item\":\"https:\/\/signufarma.mineolo.com\/\"},{\"@type\":\"ListItem\",\"position\":2,\"name\":\"Disclaimer\"}]},{\"@type\":\"WebSite\",\"@id\":\"https:\/\/signufarma.com.mx\/#website\",\"url\":\"https:\/\/signufarma.com.mx\/\",\"name\":\"Signufarma\",\"description\":\"\",\"publisher\":{\"@id\":\"https:\/\/signufarma.com.mx\/#organization\"},\"potentialAction\":[{\"@type\":\"SearchAction\",\"target\":{\"@type\":\"EntryPoint\",\"urlTemplate\":\"https:\/\/signufarma.com.mx\/?s={search_term_string}\"},\"query-input\":\"required name=search_term_string\"}],\"inLanguage\":\"es\"},{\"@type\":\"Organization\",\"@id\":\"https:\/\/signufarma.com.mx\/#organization\",\"name\":\"Signufarma\",\"url\":\"https:\/\/signufarma.com.mx\/\",\"logo\":{\"@type\":\"ImageObject\",\"inLanguage\":\"es\",\"@id\":\"https:\/\/signufarma.com.mx\/#\/schema\/logo\/image\/\",\"url\":\"https:\/\/signufarma.com.mx\/wp-content\/uploads\/2021\/06\/logo-degradado.png\",\"contentUrl\":\"https:\/\/signufarma.com.mx\/wp-content\/uploads\/2021\/06\/logo-degradado.png\",\"width\":288,\"height\":60,\"caption\":\"Signufarma\"},\"image\":{\"@id\":\"https:\/\/signufarma.com.mx\/#\/schema\/logo\/image\/\"},\"sameAs\":[\"https:\/\/www.facebook.com\/Signufarma-SA-de-CV-101998768655509\",\"https:\/\/www.instagram.com\/signufarma\/\",\"https:\/\/www.linkedin.com\/uas\/login?session_redirect=https:\/\/www.linkedin.com\/company\/signufarma-sa-de-cv\/about\/?viewAsMember=true\"]}]}<\/script>\n<!-- \/ Yoast SEO plugin. -->","yoast_head_json":{"title":"Disclaimer","robots":{"index":"index","follow":"follow","max-snippet":"max-snippet:-1","max-image-preview":"max-image-preview:large","max-video-preview":"max-video-preview:-1"},"canonical":"https:\/\/signufarma.com.mx\/index.php\/en\/disclaimer\/","og_locale":"es_MX","og_type":"article","og_title":"Disclaimer","og_description":"Aviso de\u00a0Privacidad En cumplimiento a la Ley Federal de Protecci\u00f3n de Datos Personales en Posesi\u00f3n de los Particulares (la \u201cLey\u201d) vigente en M\u00e9xico, le informamos los t\u00e9rminos y condiciones del Aviso de Privacidad de Datos Personales (&#8220;Aviso de Privacidad&#8221;) de SIGNUFARMA, S.A. de C.V., con domicilio en: AVENIDA CONSTITUYENTES No. 357, COLONIA DANIEL GARZA, C\u00f3digo [&hellip;]","og_url":"https:\/\/signufarma.com.mx\/index.php\/en\/disclaimer\/","article_publisher":"https:\/\/www.facebook.com\/Signufarma-SA-de-CV-101998768655509","twitter_card":"summary_large_image","twitter_misc":{"Tiempo de lectura":"9 minutos"},"schema":{"@context":"https:\/\/schema.org","@graph":[{"@type":"WebPage","@id":"https:\/\/signufarma.com.mx\/index.php\/en\/disclaimer\/","url":"https:\/\/signufarma.com.mx\/index.php\/en\/disclaimer\/","name":"Disclaimer","isPartOf":{"@id":"https:\/\/signufarma.com.mx\/#website"},"datePublished":"2021-05-28T00:57:41+00:00","dateModified":"2021-05-28T00:57:41+00:00","breadcrumb":{"@id":"https:\/\/signufarma.com.mx\/index.php\/en\/disclaimer\/#breadcrumb"},"inLanguage":"es","potentialAction":[{"@type":"ReadAction","target":["https:\/\/signufarma.com.mx\/index.php\/en\/disclaimer\/"]}]},{"@type":"BreadcrumbList","@id":"https:\/\/signufarma.com.mx\/index.php\/en\/disclaimer\/#breadcrumb","itemListElement":[{"@type":"ListItem","position":1,"name":"Inicio","item":"https:\/\/signufarma.mineolo.com\/"},{"@type":"ListItem","position":2,"name":"Disclaimer"}]},{"@type":"WebSite","@id":"https:\/\/signufarma.com.mx\/#website","url":"https:\/\/signufarma.com.mx\/","name":"Signufarma","description":"","publisher":{"@id":"https:\/\/signufarma.com.mx\/#organization"},"potentialAction":[{"@type":"SearchAction","target":{"@type":"EntryPoint","urlTemplate":"https:\/\/signufarma.com.mx\/?s={search_term_string}"},"query-input":"required name=search_term_string"}],"inLanguage":"es"},{"@type":"Organization","@id":"https:\/\/signufarma.com.mx\/#organization","name":"Signufarma","url":"https:\/\/signufarma.com.mx\/","logo":{"@type":"ImageObject","inLanguage":"es","@id":"https:\/\/signufarma.com.mx\/#\/schema\/logo\/image\/","url":"https:\/\/signufarma.com.mx\/wp-content\/uploads\/2021\/06\/logo-degradado.png","contentUrl":"https:\/\/signufarma.com.mx\/wp-content\/uploads\/2021\/06\/logo-degradado.png","width":288,"height":60,"caption":"Signufarma"},"image":{"@id":"https:\/\/signufarma.com.mx\/#\/schema\/logo\/image\/"},"sameAs":["https:\/\/www.facebook.com\/Signufarma-SA-de-CV-101998768655509","https:\/\/www.instagram.com\/signufarma\/","https:\/\/www.linkedin.com\/uas\/login?session_redirect=https:\/\/www.linkedin.com\/company\/signufarma-sa-de-cv\/about\/?viewAsMember=true"]}]}},"_links":{"self":[{"href":"https:\/\/signufarma.com.mx\/index.php\/wp-json\/wp\/v2\/pages\/1540","targetHints":{"allow":["GET"]}}],"collection":[{"href":"https:\/\/signufarma.com.mx\/index.php\/wp-json\/wp\/v2\/pages"}],"about":[{"href":"https:\/\/signufarma.com.mx\/index.php\/wp-json\/wp\/v2\/types\/page"}],"author":[{"embeddable":true,"href":"https:\/\/signufarma.com.mx\/index.php\/wp-json\/wp\/v2\/users\/2"}],"replies":[{"embeddable":true,"href":"https:\/\/signufarma.com.mx\/index.php\/wp-json\/wp\/v2\/comments?post=1540"}],"version-history":[{"count":2,"href":"https:\/\/signufarma.com.mx\/index.php\/wp-json\/wp\/v2\/pages\/1540\/revisions"}],"predecessor-version":[{"id":1910,"href":"https:\/\/signufarma.com.mx\/index.php\/wp-json\/wp\/v2\/pages\/1540\/revisions\/1910"}],"wp:attachment":[{"href":"https:\/\/signufarma.com.mx\/index.php\/wp-json\/wp\/v2\/media?parent=1540"}],"curies":[{"name":"wp","href":"https:\/\/api.w.org\/{rel}","templated":true}]}}