{"id":905,"date":"2021-05-14T18:24:17","date_gmt":"2021-05-14T18:24:17","guid":{"rendered":"https:\/\/signufarma.com.mx\/testwp\/?page_id=905"},"modified":"2021-06-22T17:49:52","modified_gmt":"2021-06-22T17:49:52","slug":"nosotros","status":"publish","type":"page","link":"https:\/\/signufarma.com.mx\/index.php\/nosotros\/","title":{"rendered":"Nosotros"},"content":{"rendered":"\t\t<div data-elementor-type=\"wp-page\" data-elementor-id=\"905\" class=\"elementor elementor-905\">\n\t\t\t\t\t\t\t\t\t<section class=\"elementor-section elementor-top-section elementor-element elementor-element-28a4850 elementor-section-height-min-height elementor-section-boxed elementor-section-height-default elementor-section-items-middle\" data-id=\"28a4850\" data-element_type=\"section\" data-settings=\"{&quot;background_background&quot;:&quot;classic&quot;}\">\n\t\t\t\t\t\t\t<div class=\"elementor-background-overlay\"><\/div>\n\t\t\t\t\t\t\t<div class=\"elementor-container elementor-column-gap-default\">\n\t\t\t\t\t<div class=\"elementor-column elementor-col-100 elementor-top-column elementor-element elementor-element-fd1507c\" data-id=\"fd1507c\" data-element_type=\"column\">\n\t\t\t<div class=\"elementor-widget-wrap elementor-element-populated\">\n\t\t\t\t\t\t\t\t<div class=\"elementor-element elementor-element-d9a7c48 elementor-widget-divider--view-line_text elementor-widget-divider--element-align-center elementor-widget elementor-widget-divider\" data-id=\"d9a7c48\" data-element_type=\"widget\" data-widget_type=\"divider.default\">\n\t\t\t\t<div class=\"elementor-widget-container\">\n\t\t\t\t\t<div class=\"elementor-divider\">\n\t\t\t<span class=\"elementor-divider-separator\">\n\t\t\t\t\t\t\t<span class=\"elementor-divider__text elementor-divider__element\">\n\t\t\t\tNOSOTROS\t\t\t\t<\/span>\n\t\t\t\t\t\t<\/span>\n\t\t<\/div>\n\t\t\t\t<\/div>\n\t\t\t\t<\/div>\n\t\t\t\t\t<\/div>\n\t\t<\/div>\n\t\t\t\t\t\t\t<\/div>\n\t\t<\/section>\n\t\t\t\t<section class=\"elementor-section elementor-top-section elementor-element elementor-element-f0d710a elementor-section-height-min-height elementor-section-content-middle elementor-section-boxed elementor-section-height-default elementor-section-items-middle\" data-id=\"f0d710a\" data-element_type=\"section\" id=\"somos\" data-settings=\"{&quot;background_background&quot;:&quot;classic&quot;}\">\n\t\t\t\t\t\t<div class=\"elementor-container elementor-column-gap-extended\">\n\t\t\t\t\t<div class=\"elementor-column elementor-col-50 elementor-top-column elementor-element elementor-element-56d021d\" data-id=\"56d021d\" data-element_type=\"column\">\n\t\t\t<div class=\"elementor-widget-wrap elementor-element-populated\">\n\t\t\t\t\t\t\t\t<div class=\"elementor-element elementor-element-dbea9f8 gradient-text elementor-invisible elementor-widget elementor-widget-text-editor\" data-id=\"dbea9f8\" data-element_type=\"widget\" data-settings=\"{&quot;_animation&quot;:&quot;fadeInLeft&quot;}\" data-widget_type=\"text-editor.default\">\n\t\t\t\t<div class=\"elementor-widget-container\">\n\t\t\t\t\t\t\t<p>Somos una <br \/>Empresa L\u00edder<\/p>\t\t\t\t\t\t<\/div>\n\t\t\t\t<\/div>\n\t\t\t\t\t<\/div>\n\t\t<\/div>\n\t\t\t\t<div class=\"elementor-column elementor-col-50 elementor-top-column elementor-element elementor-element-db86ace elementor-invisible\" data-id=\"db86ace\" data-element_type=\"column\" data-settings=\"{&quot;animation&quot;:&quot;fadeIn&quot;}\">\n\t\t\t<div class=\"elementor-widget-wrap elementor-element-populated\">\n\t\t\t\t\t\t\t\t<div class=\"elementor-element elementor-element-690d313 elementor-widget elementor-widget-text-editor\" data-id=\"690d313\" data-element_type=\"widget\" data-widget_type=\"text-editor.default\">\n\t\t\t\t<div class=\"elementor-widget-container\">\n\t\t\t\t\t\t\t<p>Dedicada a mejorar la salud y calidad de vida de los pacientes a trav\u00e9s de nuestros programas de soporte y adherencia, generando estrategias innovadoras y utilizando plataformas de alta tecnolog\u00eda.<\/p>\t\t\t\t\t\t<\/div>\n\t\t\t\t<\/div>\n\t\t\t\t\t<\/div>\n\t\t<\/div>\n\t\t\t\t\t\t\t<\/div>\n\t\t<\/section>\n\t\t\t\t<section class=\"elementor-section elementor-top-section elementor-element elementor-element-0e7e84d elementor-section-height-min-height elementor-section-content-middle elementor-section-boxed elementor-section-height-default elementor-section-items-middle\" data-id=\"0e7e84d\" data-element_type=\"section\" data-settings=\"{&quot;background_background&quot;:&quot;classic&quot;}\">\n\t\t\t\t\t\t<div class=\"elementor-container elementor-column-gap-wider\">\n\t\t\t\t\t<div class=\"elementor-column elementor-col-50 elementor-top-column elementor-element elementor-element-27cb532 elementor-invisible\" data-id=\"27cb532\" data-element_type=\"column\" data-settings=\"{&quot;animation&quot;:&quot;fadeIn&quot;}\">\n\t\t\t<div class=\"elementor-widget-wrap elementor-element-populated\">\n\t\t\t\t\t\t\t\t<div class=\"elementor-element elementor-element-293af59 elementor-widget elementor-widget-eael-fancy-text\" data-id=\"293af59\" data-element_type=\"widget\" data-widget_type=\"eael-fancy-text.default\">\n\t\t\t\t<div class=\"elementor-widget-container\">\n\t\t\t\n\t<div  class=\"eael-fancy-text-container style-1\" data-fancy-text-id=\"293af59\" data-fancy-text=\"|&quot;El Paciente siempre se encuentra en el centro de las estrategias para poder ofrecerle soluciones relevantes y tratamiento personalizado. &quot;\" data-fancy-text-transition-type=\"typing\" data-fancy-text-speed=\"30\" data-fancy-text-delay=\"2500\" data-fancy-text-cursor=\"\" data-fancy-text-loop=\"\" >\n\t\t\n\t\t\n\t\t\t\t\t<span id=\"eael-fancy-text-293af59\" class=\"eael-fancy-text-strings \">\n\t\t\t\t<noscript>\n\t\t\t\t\t\"El Paciente siempre se encuentra en el centro de las estrategias para poder ofrecerle soluciones relevantes y tratamiento personalizado. \"\t\t\t\t<\/noscript>\n\t\t\t<\/span>\n\t\t\n\t\t\t<\/div><!-- close .eael-fancy-text-container -->\n\n\t<div class=\"clearfix\"><\/div>\n\n\t\t\t<\/div>\n\t\t\t\t<\/div>\n\t\t\t\t\t<\/div>\n\t\t<\/div>\n\t\t\t\t<div class=\"elementor-column elementor-col-50 elementor-top-column elementor-element elementor-element-ea09e58 elementor-invisible\" data-id=\"ea09e58\" data-element_type=\"column\" data-settings=\"{&quot;animation&quot;:&quot;fadeInRight&quot;}\">\n\t\t\t<div class=\"elementor-widget-wrap elementor-element-populated\">\n\t\t\t\t\t\t\t\t<div class=\"elementor-element elementor-element-18a721a elementor-invisible elementor-widget elementor-widget-image\" data-id=\"18a721a\" data-element_type=\"widget\" data-settings=\"{&quot;_animation&quot;:&quot;slideInRight&quot;}\" data-widget_type=\"image.default\">\n\t\t\t\t<div class=\"elementor-widget-container\">\n\t\t\t\t\t\t\t\t\t\t\t\t\t\t\t<img loading=\"lazy\" decoding=\"async\" width=\"1029\" height=\"687\" src=\"https:\/\/signufarma.com.mx\/wp-content\/uploads\/2021\/05\/senior-cisnienie-mierzenie.jpeg\" class=\"attachment-full size-full wp-image-374\" alt=\"\" srcset=\"https:\/\/signufarma.com.mx\/wp-content\/uploads\/2021\/05\/senior-cisnienie-mierzenie.jpeg 1029w, https:\/\/signufarma.com.mx\/wp-content\/uploads\/2021\/05\/senior-cisnienie-mierzenie-300x200.jpeg 300w, https:\/\/signufarma.com.mx\/wp-content\/uploads\/2021\/05\/senior-cisnienie-mierzenie-1024x684.jpeg 1024w, https:\/\/signufarma.com.mx\/wp-content\/uploads\/2021\/05\/senior-cisnienie-mierzenie-768x513.jpeg 768w\" sizes=\"auto, (max-width: 1029px) 100vw, 1029px\" \/>\t\t\t\t\t\t\t\t\t\t\t\t\t\t\t<\/div>\n\t\t\t\t<\/div>\n\t\t\t\t\t<\/div>\n\t\t<\/div>\n\t\t\t\t\t\t\t<\/div>\n\t\t<\/section>\n\t\t\t\t<section class=\"elementor-section elementor-top-section elementor-element elementor-element-a8090c8 elementor-section-content-middle elementor-section-boxed elementor-section-height-default elementor-section-height-default\" data-id=\"a8090c8\" data-element_type=\"section\" data-settings=\"{&quot;background_background&quot;:&quot;classic&quot;}\">\n\t\t\t\t\t\t\t<div class=\"elementor-background-overlay\"><\/div>\n\t\t\t\t\t\t\t<div class=\"elementor-container elementor-column-gap-extended\">\n\t\t\t\t\t<div class=\"elementor-column elementor-col-100 elementor-top-column elementor-element elementor-element-676a160 elementor-invisible\" data-id=\"676a160\" data-element_type=\"column\" data-settings=\"{&quot;animation&quot;:&quot;fadeIn&quot;}\">\n\t\t\t<div class=\"elementor-widget-wrap elementor-element-populated\">\n\t\t\t\t\t\t\t\t<div class=\"elementor-element elementor-element-8b91107 elementor-widget elementor-widget-text-editor\" data-id=\"8b91107\" data-element_type=\"widget\" data-widget_type=\"text-editor.default\">\n\t\t\t\t<div class=\"elementor-widget-container\">\n\t\t\t\t\t\t\t<p class=\"font_8\">Ma\u0301s de 25 an\u0303os de experiencia en la industria farmac\u00e9utica nos respaldan y seguimos creciendo e innovando para ofrecer el mejor servicio a nuestros usuarios.<\/p>\t\t\t\t\t\t<\/div>\n\t\t\t\t<\/div>\n\t\t\t\t<div class=\"elementor-element elementor-element-5fb4f7f elementor-widget elementor-widget-text-editor\" data-id=\"5fb4f7f\" data-element_type=\"widget\" data-widget_type=\"text-editor.default\">\n\t\t\t\t<div class=\"elementor-widget-container\">\n\t\t\t\t\t\t\t<p class=\"font_8\">Los beneficios que han aportado los programas a los pacientes y las historias de e\u0301xito que nos han rodeado durante estos an\u0303os, han sido nuestro motor para seguir dando todo nuestro esfuerzo, conocimiento y experiencia para mejorar la salud en nuestro pai\u0301s y en el mundo.<\/p>\t\t\t\t\t\t<\/div>\n\t\t\t\t<\/div>\n\t\t\t\t\t<\/div>\n\t\t<\/div>\n\t\t\t\t\t\t\t<\/div>\n\t\t<\/section>\n\t\t\t\t<section class=\"elementor-section elementor-top-section elementor-element elementor-element-ebd6a70 elementor-section-content-middle elementor-section-boxed elementor-section-height-default elementor-section-height-default\" data-id=\"ebd6a70\" data-element_type=\"section\">\n\t\t\t\t\t\t<div class=\"elementor-container elementor-column-gap-extended\">\n\t\t\t\t\t<div class=\"elementor-column elementor-col-50 elementor-top-column elementor-element elementor-element-0140870 elementor-invisible\" data-id=\"0140870\" data-element_type=\"column\" data-settings=\"{&quot;animation&quot;:&quot;fadeIn&quot;}\">\n\t\t\t<div class=\"elementor-widget-wrap elementor-element-populated\">\n\t\t\t\t\t\t\t\t<div class=\"elementor-element elementor-element-ca40784 elementor-widget elementor-widget-text-editor\" data-id=\"ca40784\" data-element_type=\"widget\" data-widget_type=\"text-editor.default\">\n\t\t\t\t<div class=\"elementor-widget-container\">\n\t\t\t\t\t\t\t<p><span style=\"color: #2a5a8c;\"><strong>La clave de nuestro \u00e9xito ha sido poner siempre al paciente en el centro, de esta manera logramos ofrecer la mejor estrategia y aportamos las herramientas necesarias y alta tecnologi\u0301a para que logren satisfactoriamente la adherencia a su tratamiento con el fin de mejorar su calidad de vida.<\/strong><\/span><\/p><p class=\"font_8\">El prestigio de la marca a trav\u00e9s de los a\u00f1os ha sido gracias al esfuerzo de un gran equipo de trabajo, la enorme visi\u00f3n y empe\u00f1o de nuestros fundadores. Juntos hemos logrado la confianza de nuestros clientes a nivel nacional e internacional, ofreciendo una amplia lista de servicios y facilidades personalizadas para alcanzar resultados favorables en cada uno de los programas.<\/p>\t\t\t\t\t\t<\/div>\n\t\t\t\t<\/div>\n\t\t\t\t\t<\/div>\n\t\t<\/div>\n\t\t\t\t<div class=\"elementor-column elementor-col-50 elementor-top-column elementor-element elementor-element-68920d9 elementor-invisible\" data-id=\"68920d9\" data-element_type=\"column\" data-settings=\"{&quot;animation&quot;:&quot;fadeInRight&quot;}\">\n\t\t\t<div class=\"elementor-widget-wrap elementor-element-populated\">\n\t\t\t\t\t\t\t\t<div class=\"elementor-element elementor-element-ed5a8cd elementor-widget elementor-widget-image\" data-id=\"ed5a8cd\" data-element_type=\"widget\" data-widget_type=\"image.default\">\n\t\t\t\t<div class=\"elementor-widget-container\">\n\t\t\t\t\t\t\t\t\t\t\t\t\t\t\t<img loading=\"lazy\" decoding=\"async\" width=\"800\" height=\"534\" src=\"https:\/\/signufarma.com.mx\/wp-content\/uploads\/2021\/05\/banner3-1024x683.png\" class=\"attachment-large size-large wp-image-95\" alt=\"\" srcset=\"https:\/\/signufarma.com.mx\/wp-content\/uploads\/2021\/05\/banner3-1024x683.png 1024w, https:\/\/signufarma.com.mx\/wp-content\/uploads\/2021\/05\/banner3-300x200.png 300w, https:\/\/signufarma.com.mx\/wp-content\/uploads\/2021\/05\/banner3-768x512.png 768w, https:\/\/signufarma.com.mx\/wp-content\/uploads\/2021\/05\/banner3.png 1313w\" sizes=\"auto, (max-width: 800px) 100vw, 800px\" \/>\t\t\t\t\t\t\t\t\t\t\t\t\t\t\t<\/div>\n\t\t\t\t<\/div>\n\t\t\t\t\t<\/div>\n\t\t<\/div>\n\t\t\t\t\t\t\t<\/div>\n\t\t<\/section>\n\t\t\t\t\t\t\t<\/div>\n\t\t","protected":false},"excerpt":{"rendered":"<p>NOSOTROS Somos una Empresa L\u00edder Dedicada a mejorar la salud y calidad de vida de los pacientes a trav\u00e9s de nuestros programas de soporte y adherencia, generando estrategias innovadoras y utilizando plataformas de alta tecnolog\u00eda. &#8220;El Paciente siempre se encuentra en el centro de las estrategias para poder ofrecerle soluciones relevantes y tratamiento personalizado. &#8221; [&hellip;]<\/p>\n","protected":false},"author":2,"featured_media":0,"parent":0,"menu_order":0,"comment_status":"closed","ping_status":"closed","template":"","meta":{"footnotes":""},"class_list":["post-905","page","type-page","status-publish","hentry"],"yoast_head":"<!-- This site is optimized with the Yoast SEO plugin v21.5 - https:\/\/yoast.com\/wordpress\/plugins\/seo\/ -->\n<title>Nosotros<\/title>\n<meta name=\"robots\" content=\"index, follow, max-snippet:-1, max-image-preview:large, max-video-preview:-1\" \/>\n<link rel=\"canonical\" href=\"https:\/\/signufarma.com.mx\/index.php\/nosotros\/\" \/>\n<meta property=\"og:locale\" content=\"es_MX\" \/>\n<meta property=\"og:type\" content=\"article\" \/>\n<meta property=\"og:title\" content=\"Nosotros\" \/>\n<meta property=\"og:description\" content=\"NOSOTROS Somos una Empresa L\u00edder Dedicada a mejorar la salud y calidad de vida de los pacientes a trav\u00e9s de nuestros programas de soporte y adherencia, generando estrategias innovadoras y utilizando plataformas de alta tecnolog\u00eda. &#8220;El Paciente siempre se encuentra en el centro de las estrategias para poder ofrecerle soluciones relevantes y tratamiento personalizado. &#8221; [&hellip;]\" \/>\n<meta property=\"og:url\" content=\"https:\/\/signufarma.com.mx\/index.php\/nosotros\/\" \/>\n<meta property=\"article:publisher\" content=\"https:\/\/www.facebook.com\/Signufarma-SA-de-CV-101998768655509\" \/>\n<meta property=\"article:modified_time\" content=\"2021-06-22T17:49:52+00:00\" \/>\n<meta property=\"og:image\" content=\"https:\/\/signufarma.com.mx\/wp-content\/uploads\/2021\/05\/senior-cisnienie-mierzenie.jpeg\" \/>\n<meta name=\"twitter:card\" content=\"summary_large_image\" \/>\n<meta name=\"twitter:label1\" content=\"Tiempo de lectura\" \/>\n\t<meta name=\"twitter:data1\" content=\"2 minutos\" \/>\n<script type=\"application\/ld+json\" class=\"yoast-schema-graph\">{\"@context\":\"https:\/\/schema.org\",\"@graph\":[{\"@type\":\"WebPage\",\"@id\":\"https:\/\/signufarma.com.mx\/index.php\/nosotros\/\",\"url\":\"https:\/\/signufarma.com.mx\/index.php\/nosotros\/\",\"name\":\"Nosotros\",\"isPartOf\":{\"@id\":\"https:\/\/signufarma.com.mx\/#website\"},\"datePublished\":\"2021-05-14T18:24:17+00:00\",\"dateModified\":\"2021-06-22T17:49:52+00:00\",\"breadcrumb\":{\"@id\":\"https:\/\/signufarma.com.mx\/index.php\/nosotros\/#breadcrumb\"},\"inLanguage\":\"es\",\"potentialAction\":[{\"@type\":\"ReadAction\",\"target\":[\"https:\/\/signufarma.com.mx\/index.php\/nosotros\/\"]}]},{\"@type\":\"BreadcrumbList\",\"@id\":\"https:\/\/signufarma.com.mx\/index.php\/nosotros\/#breadcrumb\",\"itemListElement\":[{\"@type\":\"ListItem\",\"position\":1,\"name\":\"Inicio\",\"item\":\"https:\/\/signufarma.mineolo.com\/\"},{\"@type\":\"ListItem\",\"position\":2,\"name\":\"Nosotros\"}]},{\"@type\":\"WebSite\",\"@id\":\"https:\/\/signufarma.com.mx\/#website\",\"url\":\"https:\/\/signufarma.com.mx\/\",\"name\":\"Signufarma\",\"description\":\"\",\"publisher\":{\"@id\":\"https:\/\/signufarma.com.mx\/#organization\"},\"potentialAction\":[{\"@type\":\"SearchAction\",\"target\":{\"@type\":\"EntryPoint\",\"urlTemplate\":\"https:\/\/signufarma.com.mx\/?s={search_term_string}\"},\"query-input\":\"required name=search_term_string\"}],\"inLanguage\":\"es\"},{\"@type\":\"Organization\",\"@id\":\"https:\/\/signufarma.com.mx\/#organization\",\"name\":\"Signufarma\",\"url\":\"https:\/\/signufarma.com.mx\/\",\"logo\":{\"@type\":\"ImageObject\",\"inLanguage\":\"es\",\"@id\":\"https:\/\/signufarma.com.mx\/#\/schema\/logo\/image\/\",\"url\":\"https:\/\/signufarma.com.mx\/wp-content\/uploads\/2021\/06\/logo-degradado.png\",\"contentUrl\":\"https:\/\/signufarma.com.mx\/wp-content\/uploads\/2021\/06\/logo-degradado.png\",\"width\":288,\"height\":60,\"caption\":\"Signufarma\"},\"image\":{\"@id\":\"https:\/\/signufarma.com.mx\/#\/schema\/logo\/image\/\"},\"sameAs\":[\"https:\/\/www.facebook.com\/Signufarma-SA-de-CV-101998768655509\",\"https:\/\/www.instagram.com\/signufarma\/\",\"https:\/\/www.linkedin.com\/uas\/login?session_redirect=https:\/\/www.linkedin.com\/company\/signufarma-sa-de-cv\/about\/?viewAsMember=true\"]}]}<\/script>\n<!-- \/ Yoast SEO plugin. -->","yoast_head_json":{"title":"Nosotros","robots":{"index":"index","follow":"follow","max-snippet":"max-snippet:-1","max-image-preview":"max-image-preview:large","max-video-preview":"max-video-preview:-1"},"canonical":"https:\/\/signufarma.com.mx\/index.php\/nosotros\/","og_locale":"es_MX","og_type":"article","og_title":"Nosotros","og_description":"NOSOTROS Somos una Empresa L\u00edder Dedicada a mejorar la salud y calidad de vida de los pacientes a trav\u00e9s de nuestros programas de soporte y adherencia, generando estrategias innovadoras y utilizando plataformas de alta tecnolog\u00eda. &#8220;El Paciente siempre se encuentra en el centro de las estrategias para poder ofrecerle soluciones relevantes y tratamiento personalizado. &#8221; [&hellip;]","og_url":"https:\/\/signufarma.com.mx\/index.php\/nosotros\/","article_publisher":"https:\/\/www.facebook.com\/Signufarma-SA-de-CV-101998768655509","article_modified_time":"2021-06-22T17:49:52+00:00","og_image":[{"url":"https:\/\/signufarma.com.mx\/wp-content\/uploads\/2021\/05\/senior-cisnienie-mierzenie.jpeg"}],"twitter_card":"summary_large_image","twitter_misc":{"Tiempo de lectura":"2 minutos"},"schema":{"@context":"https:\/\/schema.org","@graph":[{"@type":"WebPage","@id":"https:\/\/signufarma.com.mx\/index.php\/nosotros\/","url":"https:\/\/signufarma.com.mx\/index.php\/nosotros\/","name":"Nosotros","isPartOf":{"@id":"https:\/\/signufarma.com.mx\/#website"},"datePublished":"2021-05-14T18:24:17+00:00","dateModified":"2021-06-22T17:49:52+00:00","breadcrumb":{"@id":"https:\/\/signufarma.com.mx\/index.php\/nosotros\/#breadcrumb"},"inLanguage":"es","potentialAction":[{"@type":"ReadAction","target":["https:\/\/signufarma.com.mx\/index.php\/nosotros\/"]}]},{"@type":"BreadcrumbList","@id":"https:\/\/signufarma.com.mx\/index.php\/nosotros\/#breadcrumb","itemListElement":[{"@type":"ListItem","position":1,"name":"Inicio","item":"https:\/\/signufarma.mineolo.com\/"},{"@type":"ListItem","position":2,"name":"Nosotros"}]},{"@type":"WebSite","@id":"https:\/\/signufarma.com.mx\/#website","url":"https:\/\/signufarma.com.mx\/","name":"Signufarma","description":"","publisher":{"@id":"https:\/\/signufarma.com.mx\/#organization"},"potentialAction":[{"@type":"SearchAction","target":{"@type":"EntryPoint","urlTemplate":"https:\/\/signufarma.com.mx\/?s={search_term_string}"},"query-input":"required name=search_term_string"}],"inLanguage":"es"},{"@type":"Organization","@id":"https:\/\/signufarma.com.mx\/#organization","name":"Signufarma","url":"https:\/\/signufarma.com.mx\/","logo":{"@type":"ImageObject","inLanguage":"es","@id":"https:\/\/signufarma.com.mx\/#\/schema\/logo\/image\/","url":"https:\/\/signufarma.com.mx\/wp-content\/uploads\/2021\/06\/logo-degradado.png","contentUrl":"https:\/\/signufarma.com.mx\/wp-content\/uploads\/2021\/06\/logo-degradado.png","width":288,"height":60,"caption":"Signufarma"},"image":{"@id":"https:\/\/signufarma.com.mx\/#\/schema\/logo\/image\/"},"sameAs":["https:\/\/www.facebook.com\/Signufarma-SA-de-CV-101998768655509","https:\/\/www.instagram.com\/signufarma\/","https:\/\/www.linkedin.com\/uas\/login?session_redirect=https:\/\/www.linkedin.com\/company\/signufarma-sa-de-cv\/about\/?viewAsMember=true"]}]}},"_links":{"self":[{"href":"https:\/\/signufarma.com.mx\/index.php\/wp-json\/wp\/v2\/pages\/905","targetHints":{"allow":["GET"]}}],"collection":[{"href":"https:\/\/signufarma.com.mx\/index.php\/wp-json\/wp\/v2\/pages"}],"about":[{"href":"https:\/\/signufarma.com.mx\/index.php\/wp-json\/wp\/v2\/types\/page"}],"author":[{"embeddable":true,"href":"https:\/\/signufarma.com.mx\/index.php\/wp-json\/wp\/v2\/users\/2"}],"replies":[{"embeddable":true,"href":"https:\/\/signufarma.com.mx\/index.php\/wp-json\/wp\/v2\/comments?post=905"}],"version-history":[{"count":67,"href":"https:\/\/signufarma.com.mx\/index.php\/wp-json\/wp\/v2\/pages\/905\/revisions"}],"predecessor-version":[{"id":1920,"href":"https:\/\/signufarma.com.mx\/index.php\/wp-json\/wp\/v2\/pages\/905\/revisions\/1920"}],"wp:attachment":[{"href":"https:\/\/signufarma.com.mx\/index.php\/wp-json\/wp\/v2\/media?parent=905"}],"curies":[{"name":"wp","href":"https:\/\/api.w.org\/{rel}","templated":true}]}}